{"id":110,"date":"2024-12-28T20:22:44","date_gmt":"2024-12-28T20:22:44","guid":{"rendered":"https:\/\/www.shift4-pos.com\/?page_id=110"},"modified":"2025-01-09T19:27:58","modified_gmt":"2025-01-09T19:27:58","slug":"caracteristicas-features-pos-for-restaurants","status":"publish","type":"page","link":"https:\/\/www.shift4-pos.com\/en\/caracteristicas-features-pos-for-restaurants\/","title":{"rendered":"Caracter\u00edsticas &#8211; Features POS for Restaurants"},"content":{"rendered":"<p>[et_pb_section fb_built=\u00bb1&#8243; _builder_version=\u00bb4.27.4&#8243; _module_preset=\u00bbdefault\u00bb background_color=\u00bb#000000&#8243; background_enable_pattern_style=\u00bbon\u00bb background_pattern_style=\u00bbconfetti\u00bb background_pattern_color=\u00bb#0C71C3&#8243; custom_padding=\u00bb||54px|||\u00bb global_colors_info=\u00bb{}\u00bb][et_pb_row _builder_version=\u00bb4.27.4&#8243; _module_preset=\u00bbdefault\u00bb background_color=\u00bb#000000&#8243; global_colors_info=\u00bb{}\u00bb][et_pb_column type=\u00bb4_4&#8243; _builder_version=\u00bb4.27.4&#8243; _module_preset=\u00bbdefault\u00bb global_colors_info=\u00bb{}\u00bb][et_pb_text _builder_version=\u00bb4.27.4&#8243; _module_preset=\u00bbdefault\u00bb text_font=\u00bbJost||||||||\u00bb text_text_color=\u00bb#fc6d36&#8243; text_font_size=\u00bb18px\u00bb custom_margin=\u00bb||-23px|||\u00bb text_font_tablet=\u00bbJost||||||||\u00bb text_font_phone=\u00bbJost||||||||\u00bb text_font_last_edited=\u00bbon|phone\u00bb text_font_size_tablet=\u00bb18px\u00bb text_font_size_phone=\u00bb15px\u00bb text_font_size_last_edited=\u00bbon|phone\u00bb text_orientation_tablet=\u00bb\u00bb text_orientation_phone=\u00bbcenter\u00bb text_orientation_last_edited=\u00bbon|phone\u00bb global_colors_info=\u00bb{}\u00bb]<\/p>\n<p><strong>SOLUTIONS | FOOD &amp; BEVERAGE<\/strong><br \/><strong>LET US SERVE YOU FOR A CHANGE<\/strong><\/p>\n<p>[\/et_pb_text][\/et_pb_column][\/et_pb_row][et_pb_row _builder_version=\u00bb4.27.4&#8243; _module_preset=\u00bbdefault\u00bb global_colors_info=\u00bb{}\u00bb][et_pb_column type=\u00bb4_4&#8243; _builder_version=\u00bb4.27.4&#8243; _module_preset=\u00bbdefault\u00bb global_colors_info=\u00bb{}\u00bb][et_pb_image src=\u00bbhttps:\/\/www.shift4-pos.com\/wp-content\/uploads\/2024\/12\/Pantalla.webp\u00bb title_text=\u00bbPantalla\u00bb align=\u00bbcenter\u00bb align_tablet=\u00bbcenter\u00bb align_phone=\u00bbcenter\u00bb align_last_edited=\u00bbon|phone\u00bb _builder_version=\u00bb4.27.4&#8243; _module_preset=\u00bbdefault\u00bb width=\u00bb34%\u00bb max_width=\u00bb100%\u00bb global_colors_info=\u00bb{}\u00bb][\/et_pb_image][\/et_pb_column][\/et_pb_row][et_pb_row _builder_version=\u00bb4.27.4&#8243; _module_preset=\u00bbdefault\u00bb background_color=\u00bb#000000&#8243; custom_margin=\u00bb-26px|auto||auto||\u00bb global_colors_info=\u00bb{}\u00bb][et_pb_column type=\u00bb4_4&#8243; _builder_version=\u00bb4.27.4&#8243; _module_preset=\u00bbdefault\u00bb global_colors_info=\u00bb{}\u00bb][et_pb_text _builder_version=\u00bb4.27.4&#8243; _module_preset=\u00bbdefault\u00bb text_font=\u00bbJost||||||||\u00bb text_text_color=\u00bb#FFFFFF\u00bb text_font_size=\u00bb20px\u00bb custom_padding=\u00bb9px|||||\u00bb text_font_size_tablet=\u00bb20px\u00bb text_font_size_phone=\u00bb17px\u00bb text_font_size_last_edited=\u00bbon|phone\u00bb text_orientation_tablet=\u00bb\u00bb text_orientation_phone=\u00bbcenter\u00bb text_orientation_last_edited=\u00bbon|phone\u00bb global_colors_info=\u00bb{}\u00bb]<\/p>\n<div class=\"flex max-w-full flex-col flex-grow\">\n<div data-message-author-role=\"assistant\" data-message-id=\"716dd8b8-e996-40f3-9e6b-7e9cf7cc4f55\" dir=\"auto\" class=\"min-h-8 text-message flex w-full flex-col items-end gap-2 whitespace-normal break-words text-start [.text-message+&amp;]:mt-5\" data-message-model-slug=\"gpt-4o\">\n<div class=\"flex w-full flex-col gap-1 empty:hidden first:pt-[3px]\">\n<div class=\"markdown prose w-full break-words dark:prose-invert dark\">\n<p>Elevate your restaurant or bar with cutting-edge point-of-sale systems, mobile ordering, and contactless technology designed to streamline operations and enhance the customer experience.<\/p>\n<\/div>\n<\/div>\n<\/div>\n<\/div>\n<div class=\"mb-2 flex gap-3 empty:hidden -ml-2\">\n<div class=\"items-center justify-start rounded-xl p-1 flex\">\n<div class=\"flex items-center\">\n<p><span class=\"hidden\"><\/span><\/p>\n<div class=\"flex items-center pb-0\"><\/div>\n<\/div>\n<\/div>\n<\/div>\n<p>[\/et_pb_text][\/et_pb_column][\/et_pb_row][\/et_pb_section][et_pb_section fb_built=\u00bb1&#8243; _builder_version=\u00bb4.27.4&#8243; _module_preset=\u00bbdefault\u00bb global_colors_info=\u00bb{}\u00bb][et_pb_row _builder_version=\u00bb4.27.4&#8243; _module_preset=\u00bbdefault\u00bb global_colors_info=\u00bb{}\u00bb][et_pb_column type=\u00bb4_4&#8243; _builder_version=\u00bb4.27.4&#8243; _module_preset=\u00bbdefault\u00bb global_colors_info=\u00bb{}\u00bb][et_pb_text _builder_version=\u00bb4.27.4&#8243; _module_preset=\u00bbdefault\u00bb text_font=\u00bbJost|800|||||||\u00bb text_text_color=\u00bb#fc6d36&#8243; text_font_size=\u00bb28px\u00bb text_letter_spacing=\u00bb2px\u00bb text_font_tablet=\u00bbJost|800|||||||\u00bb text_font_phone=\u00bbJost|700|||||||\u00bb text_font_last_edited=\u00bbon|phone\u00bb text_font_size_tablet=\u00bb28px\u00bb text_font_size_phone=\u00bb27px\u00bb text_font_size_last_edited=\u00bbon|phone\u00bb text_line_height_tablet=\u00bb\u00bb text_line_height_phone=\u00bb1.6em\u00bb text_line_height_last_edited=\u00bbon|phone\u00bb text_text_shadow_style=\u00bbpreset4&#8243; global_colors_info=\u00bb{}\u00bb]<\/p>\n<p>Unleash the Full Potential of POS<\/p>\n<p>[\/et_pb_text][et_pb_text _builder_version=\u00bb4.27.4&#8243; _module_preset=\u00bbdefault\u00bb text_font=\u00bbJost|700|||||||\u00bb text_font_size=\u00bb23px\u00bb text_font_tablet=\u00bbJost|700|||||||\u00bb text_font_phone=\u00bbJost|600|||||||\u00bb text_font_last_edited=\u00bbon|phone\u00bb text_font_size_tablet=\u00bb23px\u00bb text_font_size_phone=\u00bb21px\u00bb text_font_size_last_edited=\u00bbon|phone\u00bb text_line_height_tablet=\u00bb\u00bb text_line_height_phone=\u00bb1.6em\u00bb text_line_height_last_edited=\u00bbon|phone\u00bb global_colors_info=\u00bb{}\u00bb]<\/p>\n<p>POS isn\u2019t just a system\u2014it\u2019s a comprehensive restaurant platform designed to revolutionize your business. From front-of-house to back-of-house and everything in between, it\u2019s your ultimate partner in success.<\/p>\n<p>[\/et_pb_text][\/et_pb_column][\/et_pb_row][et_pb_row _builder_version=\u00bb4.27.4&#8243; _module_preset=\u00bbdefault\u00bb global_colors_info=\u00bb{}\u00bb][et_pb_column type=\u00bb4_4&#8243; _builder_version=\u00bb4.27.4&#8243; _module_preset=\u00bbdefault\u00bb global_colors_info=\u00bb{}\u00bb][et_pb_image src=\u00bbhttps:\/\/www.shift4-pos.com\/wp-content\/uploads\/2024\/12\/Panta3.jpg\u00bb title_text=\u00bbPanta3&#8243; align_tablet=\u00bb\u00bb align_phone=\u00bbcenter\u00bb align_last_edited=\u00bbon|phone\u00bb _builder_version=\u00bb4.27.4&#8243; _module_preset=\u00bbdefault\u00bb border_radii=\u00bbon|30px|30px|30px|30px\u00bb global_colors_info=\u00bb{}\u00bb][\/et_pb_image][\/et_pb_column][\/et_pb_row][et_pb_row column_structure=\u00bb1_2,1_2&#8243; _builder_version=\u00bb4.27.4&#8243; _module_preset=\u00bbdefault\u00bb width=\u00bb61%\u00bb custom_margin=\u00bb|53px||419px|false|false\u00bb custom_margin_tablet=\u00bb|53px||419px|false|false\u00bb custom_margin_phone=\u00bb|53px||51px|false|false\u00bb custom_margin_last_edited=\u00bbon|phone\u00bb global_colors_info=\u00bb{}\u00bb][et_pb_column type=\u00bb1_2&#8243; _builder_version=\u00bb4.27.4&#8243; _module_preset=\u00bbdefault\u00bb global_colors_info=\u00bb{}\u00bb][et_pb_text _builder_version=\u00bb4.27.4&#8243; _module_preset=\u00bbdefault\u00bb text_font=\u00bbJost||||||||\u00bb text_font_size=\u00bb24px\u00bb global_colors_info=\u00bb{}\u00bb]<\/p>\n<p><img loading=\"lazy\" decoding=\"async\" src=\"https:\/\/www.shift4-pos.com\/wp-content\/uploads\/2024\/12\/check.svg\" width=\"25\" height=\"25\" alt=\"\" class=\"wp-image-142 alignnone size-full\" \/> Mobile Ordering &amp; Payments<\/p>\n<p><img loading=\"lazy\" decoding=\"async\" src=\"https:\/\/www.shift4-pos.com\/wp-content\/uploads\/2024\/12\/check.svg\" width=\"25\" height=\"25\" alt=\"\" class=\"wp-image-142 alignnone size-full\" \/> Integrated Online Ordering<\/p>\n<p><img loading=\"lazy\" decoding=\"async\" src=\"https:\/\/www.shift4-pos.com\/wp-content\/uploads\/2024\/12\/check.svg\" width=\"25\" height=\"25\" alt=\"\" class=\"wp-image-142 alignnone size-full\" \/> Third-Party Integrations<\/p>\n<p><img loading=\"lazy\" decoding=\"async\" src=\"https:\/\/www.shift4-pos.com\/wp-content\/uploads\/2024\/12\/check.svg\" width=\"25\" height=\"25\" alt=\"\" class=\"wp-image-142 alignnone size-full\" \/> Advanced Reporting &amp; Analytics<\/p>\n<p>[\/et_pb_text][\/et_pb_column][et_pb_column type=\u00bb1_2&#8243; _builder_version=\u00bb4.27.4&#8243; _module_preset=\u00bbdefault\u00bb global_colors_info=\u00bb{}\u00bb][et_pb_text _builder_version=\u00bb4.27.4&#8243; _module_preset=\u00bbdefault\u00bb text_font=\u00bbJost||||||||\u00bb text_font_size=\u00bb24px\u00bb global_colors_info=\u00bb{}\u00bb]<\/p>\n<p><img loading=\"lazy\" decoding=\"async\" src=\"https:\/\/www.shift4-pos.com\/wp-content\/uploads\/2024\/12\/check.svg\" width=\"25\" height=\"25\" alt=\"\" class=\"wp-image-142 alignnone size-full\" \/> Marketing &amp; Loyalty Programs<\/p>\n<p><img loading=\"lazy\" decoding=\"async\" src=\"https:\/\/www.shift4-pos.com\/wp-content\/uploads\/2024\/12\/check.svg\" width=\"25\" height=\"25\" alt=\"\" class=\"wp-image-142 alignnone size-full\" \/> QR Code Ordering &amp; Payments<\/p>\n<p><img loading=\"lazy\" decoding=\"async\" src=\"https:\/\/www.shift4-pos.com\/wp-content\/uploads\/2024\/12\/check.svg\" width=\"25\" height=\"25\" alt=\"\" class=\"wp-image-142 alignnone size-full\" \/> Gift Cards\u00a0<\/p>\n<p><img loading=\"lazy\" decoding=\"async\" src=\"https:\/\/www.shift4-pos.com\/wp-content\/uploads\/2024\/12\/check.svg\" width=\"25\" height=\"25\" alt=\"\" class=\"wp-image-142 alignnone size-full\" \/>Reservations &amp; Waitlist Management<\/p>\n<p>&nbsp;<\/p>\n<p>[\/et_pb_text][\/et_pb_column][\/et_pb_row][et_pb_row _builder_version=\u00bb4.27.4&#8243; _module_preset=\u00bbdefault\u00bb custom_margin_tablet=\u00bb\u00bb custom_margin_phone=\u00bb-59px||||false|false\u00bb custom_margin_last_edited=\u00bbon|phone\u00bb global_colors_info=\u00bb{}\u00bb][et_pb_column type=\u00bb4_4&#8243; _builder_version=\u00bb4.27.4&#8243; _module_preset=\u00bbdefault\u00bb global_colors_info=\u00bb{}\u00bb][et_pb_button button_text=\u00bbImpulsa tu negocio\u00bb button_alignment=\u00bbcenter\u00bb _builder_version=\u00bb4.27.4&#8243; _module_preset=\u00bbdefault\u00bb custom_button=\u00bbon\u00bb button_text_color=\u00bb#FFFFFF\u00bb button_bg_color=\u00bb#fc6d36&#8243; button_border_radius=\u00bb20px\u00bb hover_enabled=\u00bb0&#8243; global_colors_info=\u00bb{}\u00bb button_url=\u00bb@ET-DC@eyJkeW5hbWljIjp0cnVlLCJjb250ZW50IjoicG9zdF9saW5rX3VybF9wYWdlIiwic2V0dGluZ3MiOnsicG9zdF9pZCI6IjExNCJ9fQ==@\u00bb _dynamic_attributes=\u00bbbutton_url\u00bb sticky_enabled=\u00bb0&#8243;][\/et_pb_button][\/et_pb_column][\/et_pb_row][\/et_pb_section][et_pb_section fb_built=\u00bb1&#8243; _builder_version=\u00bb4.27.4&#8243; _module_preset=\u00bbdefault\u00bb background_color=\u00bb#3f3f3f\u00bb background_enable_pattern_style=\u00bbon\u00bb background_pattern_style=\u00bbconfetti\u00bb background_pattern_color=\u00bb#0C71C3&#8243; min_height=\u00bb6px\u00bb custom_padding=\u00bb0px||120px|||\u00bb global_colors_info=\u00bb{}\u00bb][\/et_pb_section][et_pb_section fb_built=\u00bb1&#8243; _builder_version=\u00bb4.27.4&#8243; _module_preset=\u00bbdefault\u00bb min_height=\u00bb234.6px\u00bb global_colors_info=\u00bb{}\u00bb][et_pb_row _builder_version=\u00bb4.27.4&#8243; _module_preset=\u00bbdefault\u00bb global_colors_info=\u00bb{}\u00bb][et_pb_column type=\u00bb4_4&#8243; _builder_version=\u00bb4.27.4&#8243; _module_preset=\u00bbdefault\u00bb global_colors_info=\u00bb{}\u00bb][et_pb_text _builder_version=\u00bb4.27.4&#8243; _module_preset=\u00bbdefault\u00bb text_font=\u00bbABeeZee||||||||\u00bb text_text_color=\u00bb#fc6d36&#8243; text_font_size=\u00bb40px\u00bb min_height=\u00bb31.8px\u00bb custom_padding=\u00bb||0px|||\u00bb text_font_tablet=\u00bbABeeZee||||||||\u00bb text_font_phone=\u00bbJost||||||||\u00bb text_font_last_edited=\u00bbon|phone\u00bb text_font_size_tablet=\u00bb40px\u00bb text_font_size_phone=\u00bb35px\u00bb text_font_size_last_edited=\u00bbon|phone\u00bb text_letter_spacing_tablet=\u00bb\u00bb text_letter_spacing_phone=\u00bb0px\u00bb text_letter_spacing_last_edited=\u00bbon|phone\u00bb text_line_height_tablet=\u00bb\u00bb text_line_height_phone=\u00bb1.6em\u00bb text_line_height_last_edited=\u00bbon|phone\u00bb global_colors_info=\u00bb{}\u00bb]<\/p>\n<p>Mobile and Contactless Solutions<\/p>\n<p>[\/et_pb_text][\/et_pb_column][\/et_pb_row][et_pb_row _builder_version=\u00bb4.27.4&#8243; _module_preset=\u00bbdefault\u00bb min_height=\u00bb74.8px\u00bb custom_padding=\u00bb0px|||||\u00bb global_colors_info=\u00bb{}\u00bb][et_pb_column type=\u00bb4_4&#8243; _builder_version=\u00bb4.27.4&#8243; _module_preset=\u00bbdefault\u00bb global_colors_info=\u00bb{}\u00bb][et_pb_text _builder_version=\u00bb4.27.4&#8243; _module_preset=\u00bbdefault\u00bb text_font=\u00bbJost||||||||\u00bb text_font_size=\u00bb21px\u00bb custom_padding=\u00bb0px|||||\u00bb text_font_size_tablet=\u00bb21px\u00bb text_font_size_phone=\u00bb20px\u00bb text_font_size_last_edited=\u00bbon|phone\u00bb global_colors_info=\u00bb{}\u00bb]<\/p>\n<p>Deliver an unparalleled customer experience with cutting-edge technology for fast and secure ordering and payments.<\/p>\n<p>[\/et_pb_text][\/et_pb_column][\/et_pb_row][\/et_pb_section][et_pb_section fb_built=\u00bb1&#8243; _builder_version=\u00bb4.27.4&#8243; _module_preset=\u00bbdefault\u00bb custom_margin=\u00bb-72px|||||\u00bb custom_margin_tablet=\u00bb-72px|||||\u00bb custom_margin_phone=\u00bb-176px||||false|false\u00bb custom_margin_last_edited=\u00bbon|phone\u00bb global_colors_info=\u00bb{}\u00bb][et_pb_row column_structure=\u00bb1_3,2_3&#8243; _builder_version=\u00bb4.27.4&#8243; _module_preset=\u00bbdefault\u00bb global_colors_info=\u00bb{}\u00bb][et_pb_column type=\u00bb1_3&#8243; _builder_version=\u00bb4.27.4&#8243; _module_preset=\u00bbdefault\u00bb global_colors_info=\u00bb{}\u00bb][et_pb_text _builder_version=\u00bb4.27.4&#8243; _module_preset=\u00bbdefault\u00bb text_font=\u00bb|700|||||||\u00bb text_text_color=\u00bb#fc6d36&#8243; text_font_size=\u00bb24px\u00bb custom_margin=\u00bb68px||||false|false\u00bb custom_margin_tablet=\u00bb68px||||false|false\u00bb custom_margin_phone=\u00bb40px||||false|false\u00bb custom_margin_last_edited=\u00bbon|phone\u00bb global_colors_info=\u00bb{}\u00bb]<\/p>\n<p>Mobile POS Solution<\/p>\n<p>[\/et_pb_text][et_pb_text _builder_version=\u00bb4.27.4&#8243; _module_preset=\u00bbdefault\u00bb text_font=\u00bbJost||||||||\u00bb text_font_size=\u00bb21px\u00bb text_letter_spacing=\u00bb1px\u00bb min_height=\u00bb87.2px\u00bb custom_margin=\u00bb-29px||||false|false\u00bb custom_padding=\u00bb21px|||||\u00bb text_font_size_tablet=\u00bb21px\u00bb text_font_size_phone=\u00bb20px\u00bb text_font_size_last_edited=\u00bbon|phone\u00bb global_colors_info=\u00bb{}\u00bb]<\/p>\n<p>Raise the bar with a mobile ordering and tableside payment solution designed to transform your business and delight your guests.<\/p>\n<p>[\/et_pb_text][\/et_pb_column][et_pb_column type=\u00bb2_3&#8243; _builder_version=\u00bb4.27.4&#8243; _module_preset=\u00bbdefault\u00bb global_colors_info=\u00bb{}\u00bb][et_pb_image src=\u00bbhttps:\/\/www.shift4-pos.com\/wp-content\/uploads\/2024\/12\/Pagos.jpg\u00bb alt=\u00bbpagos\u00bb title_text=\u00bbPagos\u00bb align_tablet=\u00bb\u00bb align_phone=\u00bbleft\u00bb align_last_edited=\u00bbon|phone\u00bb _builder_version=\u00bb4.27.4&#8243; _module_preset=\u00bbdefault\u00bb custom_margin=\u00bb|||24px||\u00bb custom_margin_tablet=\u00bb|||24px||\u00bb custom_margin_phone=\u00bb|||-7px|false|false\u00bb custom_margin_last_edited=\u00bbon|phone\u00bb border_radii=\u00bboff|||91px|\u00bb global_colors_info=\u00bb{}\u00bb][\/et_pb_image][\/et_pb_column][\/et_pb_row][et_pb_row column_structure=\u00bb3_5,2_5&#8243; _builder_version=\u00bb4.27.4&#8243; _module_preset=\u00bbdefault\u00bb global_colors_info=\u00bb{}\u00bb][et_pb_column type=\u00bb3_5&#8243; _builder_version=\u00bb4.27.4&#8243; _module_preset=\u00bbdefault\u00bb global_colors_info=\u00bb{}\u00bb][et_pb_image src=\u00bbhttps:\/\/www.shift4-pos.com\/wp-content\/uploads\/2024\/12\/QR2.jpg\u00bb title_text=\u00bbQR2&#8243; _builder_version=\u00bb4.27.4&#8243; _module_preset=\u00bbdefault\u00bb border_radii=\u00bboff||||80px\u00bb global_colors_info=\u00bb{}\u00bb][\/et_pb_image][\/et_pb_column][et_pb_column type=\u00bb2_5&#8243; _builder_version=\u00bb4.27.4&#8243; _module_preset=\u00bbdefault\u00bb global_colors_info=\u00bb{}\u00bb][et_pb_text _builder_version=\u00bb4.27.4&#8243; _module_preset=\u00bbdefault\u00bb text_font=\u00bb|700|||||||\u00bb text_text_color=\u00bb#fc6d36&#8243; text_font_size=\u00bb24px\u00bb custom_margin=\u00bb65px||||false|false\u00bb custom_margin_tablet=\u00bb65px||||false|false\u00bb custom_margin_phone=\u00bb20px||||false|false\u00bb custom_margin_last_edited=\u00bbon|phone\u00bb global_colors_info=\u00bb{}\u00bb]<\/p>\n<p>QR Code Technology<\/p>\n<p>[\/et_pb_text][et_pb_text content_tablet=\u00bb<\/p>\n<p>Provide your customers with a faster and more convenient way to order and pay. With our QR code solution, customers can scan a unique code with their phone to place orders and complete payments effortlessly.<\/p>\n<p>\u00bb content_phone=\u00bb<\/p>\n<p>Provide your customers with a faster and more convenient way to order and pay. With our QR code solution, customers can scan a unique code with their phone to place orders and complete payments effortlessly.<\/p>\n<p>\u00bb content_last_edited=\u00bbon|phone\u00bb _builder_version=\u00bb4.27.4&#8243; _module_preset=\u00bbdefault\u00bb text_font=\u00bbJost||||||||\u00bb text_font_size=\u00bb21px\u00bb text_letter_spacing=\u00bb1px\u00bb min_height=\u00bb87.2px\u00bb custom_margin=\u00bb-29px||||false|false\u00bb custom_padding=\u00bb21px|||||\u00bb text_font_size_tablet=\u00bb21px\u00bb text_font_size_phone=\u00bb20px\u00bb text_font_size_last_edited=\u00bbon|phone\u00bb global_colors_info=\u00bb{}\u00bb]<\/p>\n<p>Provide your customers with a faster and more convenient way to order and pay. With our QR code solution, customers can scan a unique code with their phone to place orders and complete payments effortlessly.<\/p>\n<p>[\/et_pb_text][\/et_pb_column][\/et_pb_row][\/et_pb_section]<\/p>","protected":false},"excerpt":{"rendered":"<p>SOLUCIONES | ALIMENTOS Y BEBIDASPERM\u00cdTANOS SERVIRLE POR UN CAMBIO Eleve su restaurante o bar con sistemas de punto de venta de \u00faltima generaci\u00f3n, pedidos m\u00f3viles y tecnolog\u00eda sin contacto dise\u00f1ada para optimizar las operaciones y mejorar la experiencia del cliente. Libera Todo el Potencial del POSEl POS no es solo un sistema; es una plataforma [&hellip;]<\/p>","protected":false},"author":1,"featured_media":0,"parent":0,"menu_order":0,"comment_status":"closed","ping_status":"closed","template":"","meta":{"_et_pb_use_builder":"on","_et_pb_old_content":"<!-- wp:divi\/placeholder \/-->","_et_gb_content_width":"","footnotes":""},"class_list":["post-110","page","type-page","status-publish","hentry"],"aioseo_notices":[],"_links":{"self":[{"href":"https:\/\/www.shift4-pos.com\/en\/wp-json\/wp\/v2\/pages\/110","targetHints":{"allow":["GET"]}}],"collection":[{"href":"https:\/\/www.shift4-pos.com\/en\/wp-json\/wp\/v2\/pages"}],"about":[{"href":"https:\/\/www.shift4-pos.com\/en\/wp-json\/wp\/v2\/types\/page"}],"author":[{"embeddable":true,"href":"https:\/\/www.shift4-pos.com\/en\/wp-json\/wp\/v2\/users\/1"}],"replies":[{"embeddable":true,"href":"https:\/\/www.shift4-pos.com\/en\/wp-json\/wp\/v2\/comments?post=110"}],"version-history":[{"count":10,"href":"https:\/\/www.shift4-pos.com\/en\/wp-json\/wp\/v2\/pages\/110\/revisions"}],"predecessor-version":[{"id":275,"href":"https:\/\/www.shift4-pos.com\/en\/wp-json\/wp\/v2\/pages\/110\/revisions\/275"}],"wp:attachment":[{"href":"https:\/\/www.shift4-pos.com\/en\/wp-json\/wp\/v2\/media?parent=110"}],"curies":[{"name":"wp","href":"https:\/\/api.w.org\/{rel}","templated":true}]}}