{"id":112,"date":"2024-12-28T20:26:00","date_gmt":"2024-12-28T20:26:00","guid":{"rendered":"https:\/\/www.shift4-pos.com\/?page_id=112"},"modified":"2025-09-12T23:32:59","modified_gmt":"2025-09-12T23:32:59","slug":"hardware-equipos-para-pos","status":"publish","type":"page","link":"https:\/\/www.shift4-pos.com\/en\/hardware-equipos-para-pos\/","title":{"rendered":"Hardware &#8211; Equipos para POS"},"content":{"rendered":"<p>[et_pb_section fb_built=\u00bb1&#8243; custom_padding_last_edited=\u00bbon|phone\u00bb _builder_version=\u00bb4.27.4&#8243; _module_preset=\u00bbdefault\u00bb background_color=\u00bb#000000&#8243; custom_padding=\u00bb||92px|||\u00bb custom_padding_tablet=\u00bb||92px|||\u00bb custom_padding_phone=\u00bb0px||0px||false|false\u00bb global_colors_info=\u00bb{}\u00bb][et_pb_row column_structure=\u00bb1_2,1_2&#8243; _builder_version=\u00bb4.27.4&#8243; _module_preset=\u00bbdefault\u00bb global_colors_info=\u00bb{}\u00bb][et_pb_column type=\u00bb1_2&#8243; _builder_version=\u00bb4.27.4&#8243; _module_preset=\u00bbdefault\u00bb global_colors_info=\u00bb{}\u00bb][et_pb_text content_tablet=\u00bb<\/p>\n<h3>$29.99<\/h3>\n<h4>USD per month<\/h4>\n<p>\u00bb content_phone=\u00bb<\/p>\n<h3>$29.99<\/h3>\n<h4>USD per month<\/h4>\n<p>\u00bb content_last_edited=\u00bbon|phone\u00bb _builder_version=\u00bb4.27.4&#8243; _module_preset=\u00bbdefault\u00bb header_3_font=\u00bbJost|700|||||||\u00bb header_3_text_align=\u00bbcenter\u00bb header_3_text_color=\u00bb#FFFFFF\u00bb header_3_font_size=\u00bb80px\u00bb header_4_text_align=\u00bbcenter\u00bb header_4_text_color=\u00bb#FFFFFF\u00bb custom_margin=\u00bb66px||||false|false\u00bb custom_padding=\u00bb50px||50px||true|false\u00bb text_font_size_tablet=\u00bb\u00bb text_font_size_phone=\u00bb\u00bb text_font_size_last_edited=\u00bbon|phone\u00bb header_3_font_tablet=\u00bbJost|700|||||||\u00bb header_3_font_phone=\u00bbJost|700|||||||\u00bb header_3_font_last_edited=\u00bbon|phone\u00bb header_3_font_size_tablet=\u00bb80px\u00bb header_3_font_size_phone=\u00bb80px\u00bb header_3_font_size_last_edited=\u00bbon|phone\u00bb header_3_text_shadow_style=\u00bbpreset1&#8243; border_radii=\u00bboff|52px|2px|52px|2px\u00bb border_width_all=\u00bb3px\u00bb border_color_all=\u00bb#FFFFFF\u00bb global_colors_info=\u00bb{}\u00bb]<\/p>\n<h3>$29.99<\/h3>\n<h4>USD per month<\/h4>\n<p>[\/et_pb_text][\/et_pb_column][et_pb_column type=\u00bb1_2&#8243; _builder_version=\u00bb4.27.4&#8243; _module_preset=\u00bbdefault\u00bb global_colors_info=\u00bb{}\u00bb][et_pb_text _builder_version=\u00bb4.27.4&#8243; _module_preset=\u00bbdefault\u00bb text_font=\u00bb|700|||||||\u00bb text_text_color=\u00bb#fc6d36&#8243; text_font_size=\u00bb43px\u00bb custom_margin=\u00bb12px||||false|false\u00bb text_font_size_tablet=\u00bb43px\u00bb text_font_size_phone=\u00bb39px\u00bb text_font_size_last_edited=\u00bbon|phone\u00bb global_colors_info=\u00bb{}\u00bb]<\/p>\n<p>$0 Upfront Cost<\/p>\n<p>[\/et_pb_text][et_pb_text _builder_version=\u00bb4.27.4&#8243; _module_preset=\u00bbdefault\u00bb text_font=\u00bb|700|||||||\u00bb text_text_color=\u00bb#fc6d36&#8243; text_font_size=\u00bb17px\u00bb custom_margin=\u00bb7px||||false|false\u00bb text_font_size_tablet=\u00bb17px\u00bb text_font_size_phone=\u00bb16px\u00bb text_font_size_last_edited=\u00bbon|phone\u00bb global_colors_info=\u00bb{}\u00bb]<\/p>\n<p>Get the most affordable POS system with all the features and functionalities your business needs to run smoothly.<\/p>\n<p>[\/et_pb_text][et_pb_text _builder_version=\u00bb4.27.4&#8243; _module_preset=\u00bbdefault\u00bb text_font=\u00bbJost||||||||\u00bb text_font_size=\u00bb19px\u00bb text_letter_spacing=\u00bb1px\u00bb min_height=\u00bb87.2px\u00bb custom_margin=\u00bb-29px||||false|false\u00bb custom_padding=\u00bb21px|||||\u00bb global_colors_info=\u00bb{}\u00bb]<\/p>\n<ul>\n<li>Marketing &amp; Loyalty<\/li>\n<li>Reservations &amp; Waitlist<\/li>\n<li>Workforce Management<\/li>\n<li>Shipping &amp; Installation<\/li>\n<li>Contactless Solution (coming soon)<\/li>\n<li>Online Ordering (coming soon)<\/li>\n<li>Website Builder (coming soon)<\/li>\n<li>And Much More!<\/li>\n<\/ul>\n<p>[\/et_pb_text][\/et_pb_column][\/et_pb_row][\/et_pb_section][et_pb_section fb_built=\u00bb1&#8243; custom_padding_last_edited=\u00bbon|phone\u00bb _builder_version=\u00bb4.27.4&#8243; _module_preset=\u00bbdefault\u00bb background_color=\u00bb#FFFFFF\u00bb min_height=\u00bb489.4px\u00bb custom_margin_tablet=\u00bb\u00bb custom_margin_phone=\u00bb||-41px||false|false\u00bb custom_margin_last_edited=\u00bbon|phone\u00bb custom_padding=\u00bb57px|||||\u00bb custom_padding_tablet=\u00bb57px|||||\u00bb custom_padding_phone=\u00bb0px||0px||false|false\u00bb global_colors_info=\u00bb{}\u00bb][et_pb_row column_structure=\u00bb1_3,2_3&#8243; custom_padding_last_edited=\u00bbon|phone\u00bb _builder_version=\u00bb4.27.4&#8243; _module_preset=\u00bbdefault\u00bb custom_padding_tablet=\u00bb\u00bb custom_padding_phone=\u00bb0px||0px||false|false\u00bb global_colors_info=\u00bb{}\u00bb][et_pb_column type=\u00bb1_3&#8243; _builder_version=\u00bb4.27.4&#8243; _module_preset=\u00bbdefault\u00bb global_colors_info=\u00bb{}\u00bb][et_pb_text _builder_version=\u00bb4.27.4&#8243; _module_preset=\u00bbdefault\u00bb text_font=\u00bb|700|||||||\u00bb text_text_color=\u00bb#fc6d36&#8243; text_font_size=\u00bb24px\u00bb custom_margin=\u00bb68px||||false|false\u00bb text_font_size_tablet=\u00bb24px\u00bb text_font_size_phone=\u00bb20px\u00bb text_font_size_last_edited=\u00bbon|phone\u00bb global_colors_info=\u00bb{}\u00bb]<\/p>\n<p>POS for Restaurants<\/p>\n<p>[\/et_pb_text][et_pb_text _builder_version=\u00bb4.27.4&#8243; _module_preset=\u00bbdefault\u00bb text_font=\u00bbJost||||||||\u00bb text_font_size=\u00bb21px\u00bb text_letter_spacing=\u00bb1px\u00bb min_height=\u00bb87.2px\u00bb custom_margin=\u00bb-29px||||false|false\u00bb custom_padding=\u00bb21px|||||\u00bb text_font_size_tablet=\u00bb21px\u00bb text_font_size_phone=\u00bb18px\u00bb text_font_size_last_edited=\u00bbon|phone\u00bb global_colors_info=\u00bb{}\u00bb]<\/p>\n<p>Designed to withstand kitchen heat, our point-of-sale hardware is reliable, durable, and backed by a lifetime warranty.<\/p>\n<p>[\/et_pb_text][\/et_pb_column][et_pb_column type=\u00bb2_3&#8243; _builder_version=\u00bb4.27.4&#8243; _module_preset=\u00bbdefault\u00bb global_colors_info=\u00bb{}\u00bb][et_pb_image src=\u00bbhttps:\/\/www.shift4-pos.com\/wp-content\/uploads\/2024\/12\/1.jpg\u00bb alt=\u00bbpos1&#8243; title_text=\u00bb1&#8243; _builder_version=\u00bb4.27.4&#8243; _module_preset=\u00bbdefault\u00bb custom_margin=\u00bb|||24px||\u00bb border_radii=\u00bboff|50px||91px|\u00bb global_colors_info=\u00bb{}\u00bb][\/et_pb_image][\/et_pb_column][\/et_pb_row][\/et_pb_section][et_pb_section fb_built=\u00bb1&#8243; custom_padding_last_edited=\u00bbon|phone\u00bb _builder_version=\u00bb4.27.4&#8243; _module_preset=\u00bbdefault\u00bb custom_padding_tablet=\u00bb\u00bb custom_padding_phone=\u00bb0px||0px||false|false\u00bb global_colors_info=\u00bb{}\u00bb][et_pb_row column_structure=\u00bb1_3,2_3&#8243; custom_padding_last_edited=\u00bbon|phone\u00bb _builder_version=\u00bb4.27.4&#8243; _module_preset=\u00bbdefault\u00bb custom_padding=\u00bb58px||66px|||\u00bb custom_padding_tablet=\u00bb58px||66px|||\u00bb custom_padding_phone=\u00bb0px||12px||false|false\u00bb global_colors_info=\u00bb{}\u00bb][et_pb_column type=\u00bb1_3&#8243; _builder_version=\u00bb4.27.4&#8243; _module_preset=\u00bbdefault\u00bb global_colors_info=\u00bb{}\u00bb][et_pb_text _builder_version=\u00bb4.27.4&#8243; _module_preset=\u00bbdefault\u00bb text_font=\u00bb|700|||||||\u00bb text_text_color=\u00bb#fc6d36&#8243; text_font_size=\u00bb24px\u00bb custom_margin=\u00bb22px||||false|false\u00bb text_font_size_tablet=\u00bb24px\u00bb text_font_size_phone=\u00bb20px\u00bb text_font_size_last_edited=\u00bbon|phone\u00bb global_colors_info=\u00bb{}\u00bb]<\/p>\n<p>Boost your restaurant with the next generation of POS systems<\/p>\n<p>[\/et_pb_text][et_pb_text _builder_version=\u00bb4.27.4&#8243; _module_preset=\u00bbdefault\u00bb text_font=\u00bbJost||||||||\u00bb text_font_size=\u00bb21px\u00bb text_letter_spacing=\u00bb1px\u00bb min_height=\u00bb87.2px\u00bb custom_margin=\u00bb-29px||||false|false\u00bb custom_padding=\u00bb21px|||||\u00bb text_font_size_tablet=\u00bb21px\u00bb text_font_size_phone=\u00bb18px\u00bb text_font_size_last_edited=\u00bbon|phone\u00bb global_colors_info=\u00bb{}\u00bb]<\/p>\n<ul>\n<li>Exceptional performance to streamline every operation.<\/li>\n<li>Modern and sophisticated design that fits your style.<\/li>\n<li>Integrated customer display, enhancing the service experience.<\/li>\n<\/ul>\n<p>[\/et_pb_text][\/et_pb_column][et_pb_column type=\u00bb2_3&#8243; _builder_version=\u00bb4.27.4&#8243; _module_preset=\u00bbdefault\u00bb global_colors_info=\u00bb{}\u00bb][et_pb_image src=\u00bbhttps:\/\/www.shift4-pos.com\/wp-content\/uploads\/2024\/12\/2.jpg\u00bb alt=\u00bbPos2&#8243; title_text=\u00bb2&#8243; _builder_version=\u00bb4.27.4&#8243; _module_preset=\u00bbdefault\u00bb width_tablet=\u00bb\u00bb width_phone=\u00bb\u00bb width_last_edited=\u00bbon|phone\u00bb height_tablet=\u00bb\u00bb height_phone=\u00bb184px\u00bb height_last_edited=\u00bbon|phone\u00bb custom_margin=\u00bb|||24px||\u00bb custom_margin_tablet=\u00bb|||24px||\u00bb custom_margin_phone=\u00bb|||4px|false|false\u00bb custom_margin_last_edited=\u00bbon|phone\u00bb module_alignment_tablet=\u00bb\u00bb module_alignment_phone=\u00bbleft\u00bb module_alignment_last_edited=\u00bbon|phone\u00bb border_radii=\u00bboff|||91px|\u00bb global_colors_info=\u00bb{}\u00bb][\/et_pb_image][\/et_pb_column][\/et_pb_row][et_pb_row column_structure=\u00bb3_5,2_5&#8243; _builder_version=\u00bb4.27.4&#8243; _module_preset=\u00bbdefault\u00bb custom_margin=\u00bb15px|auto||auto||\u00bb global_colors_info=\u00bb{}\u00bb][et_pb_column type=\u00bb3_5&#8243; _builder_version=\u00bb4.27.4&#8243; _module_preset=\u00bbdefault\u00bb global_colors_info=\u00bb{}\u00bb][et_pb_image src=\u00bbhttps:\/\/www.shift4-pos.com\/wp-content\/uploads\/2024\/12\/3.jpg\u00bb alt=\u00bbPos3&#8243; title_text=\u00bb3&#8243; _builder_version=\u00bb4.27.4&#8243; _module_preset=\u00bbdefault\u00bb border_radii=\u00bboff||||80px\u00bb global_colors_info=\u00bb{}\u00bb][\/et_pb_image][\/et_pb_column][et_pb_column type=\u00bb2_5&#8243; _builder_version=\u00bb4.27.4&#8243; _module_preset=\u00bbdefault\u00bb global_colors_info=\u00bb{}\u00bb][et_pb_text _builder_version=\u00bb4.27.4&#8243; _module_preset=\u00bbdefault\u00bb text_font=\u00bb|700|||||||\u00bb text_text_color=\u00bb#fc6d36&#8243; text_font_size=\u00bb24px\u00bb custom_margin=\u00bb21px||||false|false\u00bb text_font_size_tablet=\u00bb24px\u00bb text_font_size_phone=\u00bb20px\u00bb text_font_size_last_edited=\u00bbon|phone\u00bb global_colors_info=\u00bb{}\u00bb]<\/p>\n<p>Mobile POS<\/p>\n<p>Delight your customers, from table to bar<\/p>\n<p>[\/et_pb_text][et_pb_text _builder_version=\u00bb4.27.4&#8243; _module_preset=\u00bbdefault\u00bb text_font=\u00bbJost||||||||\u00bb text_font_size=\u00bb21px\u00bb text_letter_spacing=\u00bb1px\u00bb min_height=\u00bb87.2px\u00bb custom_margin=\u00bb-29px||||false|false\u00bb custom_padding=\u00bb21px|||||\u00bb text_font_size_tablet=\u00bb21px\u00bb text_font_size_phone=\u00bb18px\u00bb text_font_size_last_edited=\u00bbon|phone\u00bb global_colors_info=\u00bb{}\u00bb]<\/p>\n<ul>\n<li>Accept payments anywhere, without interruptions.<\/li>\n<li>Take orders directly from your mobile, fast and easy.<\/li>\n<li>Integrated surveys, instantly enhance the customer experience.<\/li>\n<\/ul>\n<p>[\/et_pb_text][\/et_pb_column][\/et_pb_row][et_pb_row column_structure=\u00bb1_3,2_3&#8243; _builder_version=\u00bb4.27.4&#8243; _module_preset=\u00bbdefault\u00bb custom_margin=\u00bb68px|auto||auto||\u00bb custom_margin_tablet=\u00bb68px|auto||auto||\u00bb custom_margin_phone=\u00bb-64px|auto||auto|false|false\u00bb custom_margin_last_edited=\u00bbon|phone\u00bb global_colors_info=\u00bb{}\u00bb][et_pb_column type=\u00bb1_3&#8243; _builder_version=\u00bb4.27.4&#8243; _module_preset=\u00bbdefault\u00bb global_colors_info=\u00bb{}\u00bb][et_pb_text _builder_version=\u00bb4.27.4&#8243; _module_preset=\u00bbdefault\u00bb text_font=\u00bb|700|||||||\u00bb text_text_color=\u00bb#fc6d36&#8243; text_font_size=\u00bb19px\u00bb custom_margin=\u00bb19px||||false|false\u00bb text_font_size_tablet=\u00bb19px\u00bb text_font_size_phone=\u00bb20px\u00bb text_font_size_last_edited=\u00bbon|phone\u00bb global_colors_info=\u00bb{}\u00bb]<\/p>\n<p>Crystal POS<\/p>\n<p>Empower your team with a fully mobile POS<\/p>\n<p>[\/et_pb_text][et_pb_text _builder_version=\u00bb4.27.4&#8243; _module_preset=\u00bbdefault\u00bb text_font=\u00bbJost||||||||\u00bb text_font_size=\u00bb21px\u00bb text_letter_spacing=\u00bb1px\u00bb min_height=\u00bb87.2px\u00bb custom_margin=\u00bb-29px||||false|false\u00bb custom_padding=\u00bb21px|||||\u00bb text_font_size_tablet=\u00bb21px\u00bb text_font_size_phone=\u00bb18px\u00bb text_font_size_last_edited=\u00bbon|phone\u00bb global_colors_info=\u00bb{}\u00bb]<\/p>\n<ul>\n<li>Specialized hardware, designed for the industry.<\/li>\n<li>Comprehensive POS software, ready for all your needs.<\/li>\n<li>8-inch screen, the perfect size for comfort and functionality.<\/li>\n<\/ul>\n<p>[\/et_pb_text][\/et_pb_column][et_pb_column type=\u00bb2_3&#8243; _builder_version=\u00bb4.27.4&#8243; _module_preset=\u00bbdefault\u00bb global_colors_info=\u00bb{}\u00bb][et_pb_image src=\u00bbhttps:\/\/www.shift4-pos.com\/wp-content\/uploads\/2024\/12\/4.jpg\u00bb alt=\u00bbPOS4&#8243; title_text=\u00bb4&#8243; _builder_version=\u00bb4.27.4&#8243; _module_preset=\u00bbdefault\u00bb custom_margin=\u00bb|||24px||\u00bb custom_margin_tablet=\u00bb|||24px||\u00bb custom_margin_phone=\u00bb|||1px|false|false\u00bb custom_margin_last_edited=\u00bbon|phone\u00bb border_radii=\u00bboff|||91px|\u00bb global_colors_info=\u00bb{}\u00bb][\/et_pb_image][\/et_pb_column][\/et_pb_row][et_pb_row column_structure=\u00bb3_5,2_5&#8243; _builder_version=\u00bb4.27.4&#8243; _module_preset=\u00bbdefault\u00bb width=\u00bb82.7%\u00bb custom_margin=\u00bb69px|auto||auto||\u00bb custom_margin_tablet=\u00bb69px|auto||auto||\u00bb custom_margin_phone=\u00bb-12px|auto||auto|false|false\u00bb custom_margin_last_edited=\u00bbon|phone\u00bb custom_padding=\u00bb|0px||||\u00bb global_colors_info=\u00bb{}\u00bb][et_pb_column type=\u00bb3_5&#8243; _builder_version=\u00bb4.27.4&#8243; _module_preset=\u00bbdefault\u00bb global_colors_info=\u00bb{}\u00bb][et_pb_image src=\u00bbhttps:\/\/www.shift4-pos.com\/wp-content\/uploads\/2024\/12\/5.jpg\u00bb alt=\u00bbPOS5&#8243; title_text=\u00bb5&#8243; _builder_version=\u00bb4.27.4&#8243; _module_preset=\u00bbdefault\u00bb custom_margin=\u00bb|22px||||\u00bb border_radii=\u00bboff||||80px\u00bb global_colors_info=\u00bb{}\u00bb][\/et_pb_image][\/et_pb_column][et_pb_column type=\u00bb2_5&#8243; _builder_version=\u00bb4.27.4&#8243; _module_preset=\u00bbdefault\u00bb global_colors_info=\u00bb{}\u00bb][et_pb_text _builder_version=\u00bb4.27.4&#8243; _module_preset=\u00bbdefault\u00bb text_font=\u00bb|700|||||||\u00bb text_text_color=\u00bb#fc6d36&#8243; text_font_size=\u00bb19px\u00bb width=\u00bb100%\u00bb custom_margin=\u00bb13px||||false|false\u00bb custom_padding=\u00bb|0px||0px||\u00bb text_font_size_tablet=\u00bb19px\u00bb text_font_size_phone=\u00bb20px\u00bb text_font_size_last_edited=\u00bbon|phone\u00bb global_colors_info=\u00bb{}\u00bb]<\/p>\n<p>Kitchen Display System<br \/>Streamline your operations by seamlessly connecting FOH and BOH<\/p>\n<p>[\/et_pb_text][et_pb_text _builder_version=\u00bb4.27.4&#8243; _module_preset=\u00bbdefault\u00bb text_font=\u00bbJost||||||||\u00bb text_font_size=\u00bb18px\u00bb text_letter_spacing=\u00bb1px\u00bb min_height=\u00bb87.2px\u00bb custom_margin=\u00bb-29px||||false|false\u00bb custom_padding=\u00bb21px|||||\u00bb text_font_size_tablet=\u00bb18px\u00bb text_font_size_phone=\u00bb18px\u00bb text_font_size_last_edited=\u00bbon|phone\u00bb global_colors_info=\u00bb{}\u00bb]<\/p>\n<ul>\n<li>Intuitive touchscreen interface, easy for everyone to use.<\/li>\n<li>Large 22-inch screen, offering unmatched clarity and space.<\/li>\n<li>Optional scroll bar with a convenient wheel for efficient control.<\/li>\n<\/ul>\n<p>[\/et_pb_text][\/et_pb_column][\/et_pb_row][et_pb_row column_structure=\u00bb1_3,2_3&#8243; _builder_version=\u00bb4.27.4&#8243; _module_preset=\u00bbdefault\u00bb custom_margin=\u00bb57px|auto||auto||\u00bb custom_margin_tablet=\u00bb57px|auto||auto||\u00bb custom_margin_phone=\u00bb-59px||||false|false\u00bb custom_margin_last_edited=\u00bbon|phone\u00bb global_colors_info=\u00bb{}\u00bb][et_pb_column type=\u00bb1_3&#8243; _builder_version=\u00bb4.27.4&#8243; _module_preset=\u00bbdefault\u00bb global_colors_info=\u00bb{}\u00bb][et_pb_text _builder_version=\u00bb4.27.4&#8243; _module_preset=\u00bbdefault\u00bb text_font=\u00bb|700|||||||\u00bb text_text_color=\u00bb#fc6d36&#8243; text_font_size=\u00bb19px\u00bb custom_margin=\u00bb20px||||false|false\u00bb text_font_size_tablet=\u00bb19px\u00bb text_font_size_phone=\u00bb20px\u00bb text_font_size_last_edited=\u00bbon|phone\u00bb global_colors_info=\u00bb{}\u00bb]<\/p>\n<p>Customer-Facing POS Screen<\/p>\n<p>Engage your customers and boost tips<\/p>\n<p>[\/et_pb_text][et_pb_text _builder_version=\u00bb4.27.4&#8243; _module_preset=\u00bbdefault\u00bb text_font=\u00bbJost||||||||\u00bb text_font_size=\u00bb18px\u00bb text_letter_spacing=\u00bb1px\u00bb min_height=\u00bb87.2px\u00bb custom_margin=\u00bb-29px||||false|false\u00bb custom_padding=\u00bb21px|||||\u00bb global_colors_info=\u00bb{}\u00bb]<\/p>\n<ul>\n<li>Enhanced order accuracy, eliminating errors and misunderstandings.<\/li>\n<li>Integrated loyalty program, rewarding your customers.<\/li>\n<li>Preconfigured tip suggestions, simple and effective.<\/li>\n<\/ul>\n<p>[\/et_pb_text][\/et_pb_column][et_pb_column type=\u00bb2_3&#8243; _builder_version=\u00bb4.27.4&#8243; _module_preset=\u00bbdefault\u00bb global_colors_info=\u00bb{}\u00bb][et_pb_image src=\u00bbhttps:\/\/www.shift4-pos.com\/wp-content\/uploads\/2024\/12\/6.jpg\u00bb alt=\u00bbPOS6&#8243; title_text=\u00bb6&#8243; _builder_version=\u00bb4.27.4&#8243; _module_preset=\u00bbdefault\u00bb custom_margin=\u00bb|||24px||\u00bb custom_margin_tablet=\u00bb|||24px||\u00bb custom_margin_phone=\u00bb|||5px|false|false\u00bb custom_margin_last_edited=\u00bbon|phone\u00bb border_radii=\u00bboff|||91px|\u00bb global_colors_info=\u00bb{}\u00bb][\/et_pb_image][\/et_pb_column][\/et_pb_row][et_pb_row column_structure=\u00bb3_5,2_5&#8243; _builder_version=\u00bb4.27.4&#8243; _module_preset=\u00bbdefault\u00bb custom_margin=\u00bb63px|auto||auto||\u00bb custom_margin_tablet=\u00bb63px|auto||auto||\u00bb custom_margin_phone=\u00bb-14px|auto||auto|false|false\u00bb custom_margin_last_edited=\u00bbon|phone\u00bb global_colors_info=\u00bb{}\u00bb][et_pb_column type=\u00bb3_5&#8243; _builder_version=\u00bb4.27.4&#8243; _module_preset=\u00bbdefault\u00bb global_colors_info=\u00bb{}\u00bb][et_pb_image src=\u00bbhttps:\/\/www.shift4-pos.com\/wp-content\/uploads\/2024\/12\/7.jpg\u00bb alt=\u00bbPos7&#8243; title_text=\u00bb7&#8243; _builder_version=\u00bb4.27.4&#8243; _module_preset=\u00bbdefault\u00bb border_radii=\u00bboff||||80px\u00bb global_colors_info=\u00bb{}\u00bb][\/et_pb_image][\/et_pb_column][et_pb_column type=\u00bb2_5&#8243; _builder_version=\u00bb4.27.4&#8243; _module_preset=\u00bbdefault\u00bb global_colors_info=\u00bb{}\u00bb][et_pb_text _builder_version=\u00bb4.27.4&#8243; _module_preset=\u00bbdefault\u00bb text_font=\u00bb|700|||||||\u00bb text_text_color=\u00bb#fc6d36&#8243; text_font_size=\u00bb19px\u00bb custom_margin=\u00bb24px||||false|false\u00bb text_font_size_tablet=\u00bb19px\u00bb text_font_size_phone=\u00bb20px\u00bb text_font_size_last_edited=\u00bbon|phone\u00bb global_colors_info=\u00bb{}\u00bb]<\/p>\n<p>POS Kiosk<br \/>Speed up service and boost sales with smart self-service<\/p>\n<p>[\/et_pb_text][et_pb_text _builder_version=\u00bb4.27.4&#8243; _module_preset=\u00bbdefault\u00bb text_font=\u00bbJost||||||||\u00bb text_font_size=\u00bb21px\u00bb text_letter_spacing=\u00bb1px\u00bb min_height=\u00bb87.2px\u00bb custom_margin=\u00bb-29px||||false|false\u00bb custom_padding=\u00bb21px|||||\u00bb text_font_size_tablet=\u00bb21px\u00bb text_font_size_phone=\u00bb18px\u00bb text_font_size_last_edited=\u00bbon|phone\u00bb global_colors_info=\u00bb{}\u00bb]<\/p>\n<ul>\n<li>Intuitive touch screen<\/li>\n<li>Instant digital receipts<\/li>\n<li>Real-time order notifications via SMS<\/li>\n<\/ul>\n<p>[\/et_pb_text][\/et_pb_column][\/et_pb_row][et_pb_row column_structure=\u00bb1_3,2_3&#8243; _builder_version=\u00bb4.27.4&#8243; _module_preset=\u00bbdefault\u00bb custom_margin=\u00bb57px|auto||auto||\u00bb custom_margin_tablet=\u00bb57px|auto||auto||\u00bb custom_margin_phone=\u00bb-59px||||false|false\u00bb custom_margin_last_edited=\u00bbon|phone\u00bb global_colors_info=\u00bb{}\u00bb][et_pb_column type=\u00bb1_3&#8243; _builder_version=\u00bb4.27.4&#8243; _module_preset=\u00bbdefault\u00bb global_colors_info=\u00bb{}\u00bb][et_pb_text _builder_version=\u00bb4.27.4&#8243; _module_preset=\u00bbdefault\u00bb text_font=\u00bb|700|||||||\u00bb text_text_color=\u00bb#fc6d36&#8243; text_font_size=\u00bb19px\u00bb custom_margin=\u00bb20px||||false|false\u00bb text_font_size_tablet=\u00bb19px\u00bb text_font_size_phone=\u00bb20px\u00bb text_font_size_last_edited=\u00bbon|phone\u00bb global_colors_info=\u00bb{}\u00bb]<\/p>\n<p>SKYTAB AIR<\/p>\n<p class=\"translation-block\">The best service with the portable POS. All-in-one portable designed to work in all environments.<\/p>\n<div class=\"font-body content-block-richtext\"><\/div>\n<p>[\/et_pb_text][et_pb_text _builder_version=\u00bb4.27.4&#8243; _module_preset=\u00bbdefault\u00bb text_font=\u00bbJost||||||||\u00bb text_font_size=\u00bb18px\u00bb text_letter_spacing=\u00bb1px\u00bb min_height=\u00bb87.2px\u00bb custom_margin=\u00bb-29px||||false|false\u00bb custom_padding=\u00bb21px|||||\u00bb global_colors_info=\u00bb{}\u00bb]<\/p>\n<ul>\n<li>Receive orders and payments wherever you are.<\/li>\n<li>Great lightweight design with a large screen.<\/li>\n<li>Improves fast order entry, agile ticket management.<\/li>\n<li>Send orders directly to the kitchen from the table or bar.<\/li>\n<li>Split the bill, add tips, and accept payments at the table.<\/li>\n<\/ul>\n<p>[\/et_pb_text][\/et_pb_column][et_pb_column type=\u00bb2_3&#8243; _builder_version=\u00bb4.27.4&#8243; _module_preset=\u00bbdefault\u00bb global_colors_info=\u00bb{}\u00bb][et_pb_image src=\u00bbhttps:\/\/www.shift4-pos.com\/wp-content\/uploads\/2025\/09\/AIR2.jpg\u00bb alt=\u00bbPOS6&#8243; title_text=\u00bbAIR2&#8243; _builder_version=\u00bb4.27.4&#8243; _module_preset=\u00bbdefault\u00bb custom_margin=\u00bb|||24px||\u00bb custom_margin_tablet=\u00bb|||24px||\u00bb custom_margin_phone=\u00bb|||5px|false|false\u00bb custom_margin_last_edited=\u00bbon|phone\u00bb custom_padding=\u00bb56px|||||\u00bb border_radii=\u00bboff|||91px|\u00bb global_colors_info=\u00bb{}\u00bb][\/et_pb_image][\/et_pb_column][\/et_pb_row][et_pb_row _builder_version=\u00bb4.27.4&#8243; _module_preset=\u00bbdefault\u00bb global_colors_info=\u00bb{}\u00bb][et_pb_column type=\u00bb4_4&#8243; _builder_version=\u00bb4.27.4&#8243; _module_preset=\u00bbdefault\u00bb global_colors_info=\u00bb{}\u00bb][et_pb_button button_url=\u00bb@ET-DC@eyJkeW5hbWljIjp0cnVlLCJjb250ZW50IjoicG9zdF9saW5rX3VybF9wYWdlIiwic2V0dGluZ3MiOnsicG9zdF9pZCI6IjI4OCJ9fQ==@\u00bb button_text=\u00bbOBT\u00c9N UN POS GRATIS\u00bb button_alignment=\u00bbcenter\u00bb _builder_version=\u00bb4.27.4&#8243; _dynamic_attributes=\u00bbbutton_url\u00bb _module_preset=\u00bbdefault\u00bb locked=\u00bboff\u00bb global_colors_info=\u00bb{}\u00bb][\/et_pb_button][\/et_pb_column][\/et_pb_row][\/et_pb_section][et_pb_section fb_built=\u00bb1&#8243; _builder_version=\u00bb4.27.4&#8243; _module_preset=\u00bbdefault\u00bb background_color=\u00bb#151515&#8243; custom_margin=\u00bb-1px||-6px||false|false\u00bb custom_padding=\u00bb0px||0px||false|false\u00bb locked=\u00bboff\u00bb global_colors_info=\u00bb{}\u00bb][et_pb_row _builder_version=\u00bb4.27.4&#8243; _module_preset=\u00bbdefault\u00bb global_colors_info=\u00bb{}\u00bb][et_pb_column type=\u00bb4_4&#8243; _builder_version=\u00bb4.27.4&#8243; _module_preset=\u00bbdefault\u00bb global_colors_info=\u00bb{}\u00bb][et_pb_text _builder_version=\u00bb4.27.4&#8243; _module_preset=\u00bbdefault\u00bb text_font=\u00bb|600|||||||\u00bb text_text_color=\u00bb#FFFFFF\u00bb text_font_size=\u00bb16px\u00bb global_colors_info=\u00bb{}\u00bb]<\/p>\n<p>SkyTab POS w\/Advantage Program offers a deferment for the Hardware Bundle fee ($29.99) x 12 months, along with SkyTab Glass (29.99) x 12 months for up to 4 bundles\/4 Glass Units<\/p>\n<p>[\/et_pb_text][\/et_pb_column][\/et_pb_row][\/et_pb_section]<\/p>","protected":false},"excerpt":{"rendered":"<p>$29.99 USD por mes$0 Costo InicialObtenga el sistema POS m\u00e1s accesible, con todas las caracter\u00edsticas y funcionalidades que su negocio necesita para operar sin l\u00edmites. Marketing y fidelizaci\u00f3n Reservas y listas de espera Gesti\u00f3n de personal Env\u00edo e instalaci\u00f3n Soluci\u00f3n sin contacto (pr\u00f3ximamente) Pedidos en l\u00ednea (pr\u00f3ximamente) Creador de sitios web (pr\u00f3ximamente) Y mucho m\u00e1s [&hellip;]<\/p>","protected":false},"author":1,"featured_media":0,"parent":0,"menu_order":0,"comment_status":"closed","ping_status":"closed","template":"","meta":{"_et_pb_use_builder":"on","_et_pb_old_content":"<!-- wp:divi\/placeholder \/-->","_et_gb_content_width":"","footnotes":""},"class_list":["post-112","page","type-page","status-publish","hentry"],"aioseo_notices":[],"_links":{"self":[{"href":"https:\/\/www.shift4-pos.com\/en\/wp-json\/wp\/v2\/pages\/112","targetHints":{"allow":["GET"]}}],"collection":[{"href":"https:\/\/www.shift4-pos.com\/en\/wp-json\/wp\/v2\/pages"}],"about":[{"href":"https:\/\/www.shift4-pos.com\/en\/wp-json\/wp\/v2\/types\/page"}],"author":[{"embeddable":true,"href":"https:\/\/www.shift4-pos.com\/en\/wp-json\/wp\/v2\/users\/1"}],"replies":[{"embeddable":true,"href":"https:\/\/www.shift4-pos.com\/en\/wp-json\/wp\/v2\/comments?post=112"}],"version-history":[{"count":10,"href":"https:\/\/www.shift4-pos.com\/en\/wp-json\/wp\/v2\/pages\/112\/revisions"}],"predecessor-version":[{"id":313,"href":"https:\/\/www.shift4-pos.com\/en\/wp-json\/wp\/v2\/pages\/112\/revisions\/313"}],"wp:attachment":[{"href":"https:\/\/www.shift4-pos.com\/en\/wp-json\/wp\/v2\/media?parent=112"}],"curies":[{"name":"wp","href":"https:\/\/api.w.org\/{rel}","templated":true}]}}