{"id":288,"date":"2025-05-21T23:06:06","date_gmt":"2025-05-21T23:06:06","guid":{"rendered":"https:\/\/www.shift4-pos.com\/?page_id=288"},"modified":"2025-05-21T23:40:42","modified_gmt":"2025-05-21T23:40:42","slug":"free-pos","status":"publish","type":"page","link":"https:\/\/www.shift4-pos.com\/en\/free-pos\/","title":{"rendered":"Free POS"},"content":{"rendered":"<p>[et_pb_section fb_built=\u00bb1&#8243; _builder_version=\u00bb4.27.4&#8243; _module_preset=\u00bbdefault\u00bb background_color=\u00bb#000000&#8243; background_enable_pattern_style=\u00bbon\u00bb background_pattern_style=\u00bbconfetti\u00bb background_pattern_color=\u00bb#0C71C3&#8243; custom_padding=\u00bb||54px|||\u00bb global_colors_info=\u00bb{}\u00bb][et_pb_row _builder_version=\u00bb4.27.4&#8243; _module_preset=\u00bbdefault\u00bb background_color=\u00bb#000000&#8243; global_colors_info=\u00bb{}\u00bb][et_pb_column type=\u00bb4_4&#8243; _builder_version=\u00bb4.27.4&#8243; _module_preset=\u00bbdefault\u00bb global_colors_info=\u00bb{}\u00bb][et_pb_text _builder_version=\u00bb4.27.4&#8243; _module_preset=\u00bbdefault\u00bb text_font=\u00bbJost||||||||\u00bb text_text_color=\u00bb#fc6d36&#8243; text_font_size=\u00bb18px\u00bb header_font=\u00bb|||on|||||\u00bb header_text_align=\u00bbcenter\u00bb header_text_color=\u00bb#FFFFFF\u00bb custom_margin=\u00bb||-23px|||\u00bb text_font_tablet=\u00bbJost||||||||\u00bb text_font_phone=\u00bbJost||||||||\u00bb text_font_last_edited=\u00bbon|phone\u00bb text_font_size_tablet=\u00bb18px\u00bb text_font_size_phone=\u00bb15px\u00bb text_font_size_last_edited=\u00bbon|phone\u00bb text_orientation_tablet=\u00bb\u00bb text_orientation_phone=\u00bbcenter\u00bb text_orientation_last_edited=\u00bbon|phone\u00bb global_colors_info=\u00bb{}\u00bb]<\/p>\n<h1>Get a FREE SkyTab POS System<\/h1>\n<h1>Limited Time Offer!<\/h1>\n<p>[\/et_pb_text][\/et_pb_column][\/et_pb_row][et_pb_row _builder_version=\u00bb4.27.4&#8243; _module_preset=\u00bbdefault\u00bb global_colors_info=\u00bb{}\u00bb][et_pb_column type=\u00bb4_4&#8243; _builder_version=\u00bb4.27.4&#8243; _module_preset=\u00bbdefault\u00bb global_colors_info=\u00bb{}\u00bb][et_pb_image src=\u00bbhttps:\/\/www.shift4-pos.com\/wp-content\/uploads\/2024\/12\/Pantalla.webp\u00bb title_text=\u00bbPantalla\u00bb align=\u00bbcenter\u00bb align_tablet=\u00bbcenter\u00bb align_phone=\u00bbcenter\u00bb align_last_edited=\u00bbon|phone\u00bb _builder_version=\u00bb4.27.4&#8243; _module_preset=\u00bbdefault\u00bb width=\u00bb34%\u00bb max_width=\u00bb100%\u00bb global_colors_info=\u00bb{}\u00bb][\/et_pb_image][\/et_pb_column][\/et_pb_row][et_pb_row _builder_version=\u00bb4.27.4&#8243; _module_preset=\u00bbdefault\u00bb background_color=\u00bb#000000&#8243; custom_margin=\u00bb-26px|auto||auto||\u00bb global_colors_info=\u00bb{}\u00bb][et_pb_column type=\u00bb4_4&#8243; _builder_version=\u00bb4.27.4&#8243; _module_preset=\u00bbdefault\u00bb global_colors_info=\u00bb{}\u00bb][et_pb_text _builder_version=\u00bb4.27.4&#8243; _module_preset=\u00bbdefault\u00bb text_font=\u00bbJost||||||||\u00bb text_text_color=\u00bb#FFFFFF\u00bb text_font_size=\u00bb20px\u00bb custom_padding=\u00bb9px|||||\u00bb text_font_size_tablet=\u00bb20px\u00bb text_font_size_phone=\u00bb17px\u00bb text_font_size_last_edited=\u00bbon|phone\u00bb text_orientation_tablet=\u00bb\u00bb text_orientation_phone=\u00bbcenter\u00bb text_orientation_last_edited=\u00bbon|phone\u00bb global_colors_info=\u00bb{}\u00bb]<\/p>\n<div class=\"flex max-w-full flex-col flex-grow\">\n<div data-message-author-role=\"assistant\" data-message-id=\"716dd8b8-e996-40f3-9e6b-7e9cf7cc4f55\" dir=\"auto\" class=\"min-h-8 text-message flex w-full flex-col items-end gap-2 whitespace-normal break-words text-start [.text-message+&amp;]:mt-5\" data-message-model-slug=\"gpt-4o\">\n<div class=\"flex w-full flex-col gap-1 empty:hidden first:pt-[3px]\">\n<div class=\"markdown prose w-full break-words dark:prose-invert dark\">\n<p style=\"text-align: center;\">Sign up for our Cash Discount Program and get up to <strong data-start=\"147\" data-end=\"166\">12 MONTHS FREE<\/strong> on a SkyTab POS or SkyTab Glass \u2014 exclusively for qualifying restaurants!<\/p>\n<\/div>\n<\/div>\n<\/div>\n<\/div>\n<div class=\"mb-2 flex gap-3 empty:hidden -ml-2\">\n<div class=\"items-center justify-start rounded-xl p-1 flex\">\n<div class=\"flex items-center\">\n<p><span class=\"hidden\"><\/span><\/p>\n<div class=\"flex items-center pb-0\"><\/div>\n<\/div>\n<\/div>\n<\/div>\n<p>[\/et_pb_text][\/et_pb_column][\/et_pb_row][\/et_pb_section][et_pb_section fb_built=\u00bb1&#8243; _builder_version=\u00bb4.27.4&#8243; _module_preset=\u00bbdefault\u00bb global_colors_info=\u00bb{}\u00bb][et_pb_row _builder_version=\u00bb4.27.4&#8243; _module_preset=\u00bbdefault\u00bb global_colors_info=\u00bb{}\u00bb][et_pb_column type=\u00bb4_4&#8243; _builder_version=\u00bb4.27.4&#8243; _module_preset=\u00bbdefault\u00bb global_colors_info=\u00bb{}\u00bb][et_pb_text _builder_version=\u00bb4.27.4&#8243; _module_preset=\u00bbdefault\u00bb text_font=\u00bbJost|700|||||||\u00bb text_font_size=\u00bb23px\u00bb text_font_tablet=\u00bbJost|700|||||||\u00bb text_font_phone=\u00bbJost|600|||||||\u00bb text_font_last_edited=\u00bbon|phone\u00bb text_font_size_tablet=\u00bb23px\u00bb text_font_size_phone=\u00bb21px\u00bb text_font_size_last_edited=\u00bbon|phone\u00bb text_line_height_tablet=\u00bb\u00bb text_line_height_phone=\u00bb1.6em\u00bb text_line_height_last_edited=\u00bbon|phone\u00bb global_colors_info=\u00bb{}\u00bb]<\/p>\n<p>This limited-time offer is valid for up to <strong data-start=\"316\" data-end=\"338\">4 POS devices<\/strong>, based on your restaurant\u2019s volume, when you sign a 3-year agreement.<\/p>\n<p>[\/et_pb_text][et_pb_text _builder_version=\u00bb4.27.4&#8243; _module_preset=\u00bbdefault\u00bb text_font=\u00bbJost|800|||||||\u00bb text_text_color=\u00bb#fc6d36&#8243; text_font_size=\u00bb28px\u00bb text_letter_spacing=\u00bb2px\u00bb header_2_font=\u00bb|||on|||||\u00bb header_2_text_color=\u00bb#E02B20&#8243; header_2_font_size=\u00bb33px\u00bb text_orientation=\u00bbcenter\u00bb custom_margin=\u00bb58px||12px||false|false\u00bb text_font_tablet=\u00bbJost|800|||||||\u00bb text_font_phone=\u00bbJost|700|||||||\u00bb text_font_last_edited=\u00bbon|phone\u00bb text_font_size_tablet=\u00bb28px\u00bb text_font_size_phone=\u00bb27px\u00bb text_font_size_last_edited=\u00bbon|phone\u00bb text_line_height_tablet=\u00bb\u00bb text_line_height_phone=\u00bb1.6em\u00bb text_line_height_last_edited=\u00bbon|phone\u00bb text_text_shadow_style=\u00bbpreset4&#8243; header_2_text_shadow_style=\u00bbpreset2&#8243; global_colors_info=\u00bb{}\u00bb]<\/p>\n<h2>Why wait?<\/h2>\n<h2>Upgrade your business with:<\/h2>\n<p>[\/et_pb_text][\/et_pb_column][\/et_pb_row][et_pb_row column_structure=\u00bb1_2,1_2&#8243; _builder_version=\u00bb4.27.4&#8243; _module_preset=\u00bbdefault\u00bb width=\u00bb61%\u00bb custom_margin=\u00bb|53px||419px|false|false\u00bb custom_margin_tablet=\u00bb|53px||419px|false|false\u00bb custom_margin_phone=\u00bb|53px||51px|false|false\u00bb custom_margin_last_edited=\u00bbon|phone\u00bb global_colors_info=\u00bb{}\u00bb][et_pb_column type=\u00bb1_2&#8243; _builder_version=\u00bb4.27.4&#8243; _module_preset=\u00bbdefault\u00bb global_colors_info=\u00bb{}\u00bb][et_pb_text _builder_version=\u00bb4.27.4&#8243; _module_preset=\u00bbdefault\u00bb text_font=\u00bbJost||||||||\u00bb text_font_size=\u00bb24px\u00bb global_colors_info=\u00bb{}\u00bb]<\/p>\n<p><img loading=\"lazy\" decoding=\"async\" src=\"https:\/\/www.shift4-pos.com\/wp-content\/uploads\/2024\/12\/check.svg\" width=\"25\" height=\"25\" alt=\"\" class=\"wp-image-142 alignnone size-full\" \/> No upfront POS cost<\/p>\n<p><img loading=\"lazy\" decoding=\"async\" src=\"https:\/\/www.shift4-pos.com\/wp-content\/uploads\/2024\/12\/check.svg\" width=\"25\" height=\"25\" alt=\"\" class=\"wp-image-142 alignnone size-full\" \/> Cutting-edge technology with SkyTab POS<\/p>\n<p>[\/et_pb_text][\/et_pb_column][et_pb_column type=\u00bb1_2&#8243; _builder_version=\u00bb4.27.4&#8243; _module_preset=\u00bbdefault\u00bb global_colors_info=\u00bb{}\u00bb][et_pb_text _builder_version=\u00bb4.27.4&#8243; _module_preset=\u00bbdefault\u00bb text_font=\u00bbJost||||||||\u00bb text_font_size=\u00bb24px\u00bb global_colors_info=\u00bb{}\u00bb]<\/p>\n<p><img loading=\"lazy\" decoding=\"async\" src=\"https:\/\/www.shift4-pos.com\/wp-content\/uploads\/2024\/12\/check.svg\" width=\"25\" height=\"25\" alt=\"\" class=\"wp-image-142 alignnone size-full\" \/> Easy-to-use payment solutions<\/p>\n<p><img loading=\"lazy\" decoding=\"async\" src=\"https:\/\/www.shift4-pos.com\/wp-content\/uploads\/2024\/12\/check.svg\" width=\"25\" height=\"25\" alt=\"\" class=\"wp-image-142 alignnone size-full\" \/> Cash discount program that puts money back in your pocket<\/p>\n<p>&nbsp;<\/p>\n<p>[\/et_pb_text][\/et_pb_column][\/et_pb_row][et_pb_row _builder_version=\u00bb4.27.4&#8243; _module_preset=\u00bbdefault\u00bb][et_pb_column _builder_version=\u00bb4.27.4&#8243; _module_preset=\u00bbdefault\u00bb type=\u00bb4_4&#8243;][et_pb_text _builder_version=\u00bb4.27.4&#8243; _module_preset=\u00bbdefault\u00bb sticky_enabled=\u00bb0&#8243; text_font=\u00bbJost||||||||\u00bb text_font_size=\u00bb24px\u00bb]<\/p>\n<p data-start=\"0\" data-end=\"202\">Shift4's Advantage Program is designed to help restaurants manage and potentially reduce credit card processing fees through pricing configurations.<\/p>\n<p data-start=\"204\" data-end=\"539\" data-is-last-node=\"\" data-is-only-node=\"\"><strong data-start=\"204\" data-end=\"250\">What is Cash Discount?<\/strong><br data-start=\"250\" data-end=\"253\" \/>With this setup, a discount is applied exclusively to cash transactions. The system calculates and displays both cash and non-cash prices, with the appropriate price shown based on the payment method selected by the customer.<\/p>\n<p>[\/et_pb_text][\/et_pb_column][\/et_pb_row][et_pb_row _builder_version=\u00bb4.27.4&#8243; _module_preset=\u00bbdefault\u00bb custom_margin_tablet=\u00bb\u00bb custom_margin_phone=\u00bb-59px||||false|false\u00bb custom_margin_last_edited=\u00bbon|phone\u00bb global_colors_info=\u00bb{}\u00bb][et_pb_column type=\u00bb4_4&#8243; _builder_version=\u00bb4.27.4&#8243; _module_preset=\u00bbdefault\u00bb global_colors_info=\u00bb{}\u00bb][et_pb_button button_url=\u00bb@ET-DC@eyJkeW5hbWljIjp0cnVlLCJjb250ZW50IjoicG9zdF9saW5rX3VybF9wYWdlIiwic2V0dGluZ3MiOnsicG9zdF9pZCI6IjExNCJ9fQ==@\u00bb button_text=\u00bbImpulsa tu negocio\u00bb button_alignment=\u00bbcenter\u00bb _builder_version=\u00bb4.27.4&#8243; _dynamic_attributes=\u00bbbutton_url\u00bb _module_preset=\u00bbdefault\u00bb custom_button=\u00bbon\u00bb button_text_color=\u00bb#FFFFFF\u00bb button_bg_color=\u00bb#fc6d36&#8243; button_border_radius=\u00bb20px\u00bb global_colors_info=\u00bb{}\u00bb][\/et_pb_button][\/et_pb_column][\/et_pb_row][\/et_pb_section]<\/p>","protected":false},"excerpt":{"rendered":"<p>\u00a1Obt\u00e9n un sistema POS SkyTab GRATIS! Oferta por tiempo limitado Reg\u00edstrate en nuestro Programa de Descuento por Pago en Efectivo y obt\u00e9n hasta 12 MESES GRATIS en un sistema SkyTab POS o SkyTab Glass \u2014 \u00a1exclusivamente para restaurantes que califiquen! Esta oferta por tiempo limitado es v\u00e1lida para hasta 4 dispositivos POS, seg\u00fan el volumen [&hellip;]<\/p>","protected":false},"author":1,"featured_media":0,"parent":0,"menu_order":0,"comment_status":"closed","ping_status":"closed","template":"","meta":{"_et_pb_use_builder":"on","_et_pb_old_content":"","_et_gb_content_width":"","footnotes":""},"class_list":["post-288","page","type-page","status-publish","hentry"],"aioseo_notices":[],"_links":{"self":[{"href":"https:\/\/www.shift4-pos.com\/en\/wp-json\/wp\/v2\/pages\/288","targetHints":{"allow":["GET"]}}],"collection":[{"href":"https:\/\/www.shift4-pos.com\/en\/wp-json\/wp\/v2\/pages"}],"about":[{"href":"https:\/\/www.shift4-pos.com\/en\/wp-json\/wp\/v2\/types\/page"}],"author":[{"embeddable":true,"href":"https:\/\/www.shift4-pos.com\/en\/wp-json\/wp\/v2\/users\/1"}],"replies":[{"embeddable":true,"href":"https:\/\/www.shift4-pos.com\/en\/wp-json\/wp\/v2\/comments?post=288"}],"version-history":[{"count":4,"href":"https:\/\/www.shift4-pos.com\/en\/wp-json\/wp\/v2\/pages\/288\/revisions"}],"predecessor-version":[{"id":301,"href":"https:\/\/www.shift4-pos.com\/en\/wp-json\/wp\/v2\/pages\/288\/revisions\/301"}],"wp:attachment":[{"href":"https:\/\/www.shift4-pos.com\/en\/wp-json\/wp\/v2\/media?parent=288"}],"curies":[{"name":"wp","href":"https:\/\/api.w.org\/{rel}","templated":true}]}}